{"id":88,"date":"2020-09-27T12:23:17","date_gmt":"2020-09-27T12:23:17","guid":{"rendered":"http:\/\/baglasitesi.com\/?page_id=88"},"modified":"2020-09-28T20:24:21","modified_gmt":"2020-09-28T20:24:21","slug":"yonetim-kurulu-uyeleri","status":"publish","type":"page","link":"https:\/\/baglasitesi.com\/index.php\/yonetim-kurulu-uyeleri\/","title":{"rendered":"Y\u00f6netim Kurulu \u00dcyeleri"},"content":{"rendered":"\n<p class=\"has-text-align-center\">Muhammed Ertu\u011frul \u00d6ZDEM\u0130R<\/p>\n\n\n\n<p class=\"has-text-align-center\">Kristin Jaklin KAYA<\/p>\n\n\n\n<p class=\"has-text-align-center\">\u00d6zden \u00c7INGI<\/p>\n","protected":false},"excerpt":{"rendered":"<p>Muhammed Ertu\u011frul \u00d6ZDEM\u0130R Kristin Jaklin KAYA \u00d6zden \u00c7INGI<\/p>\n","protected":false},"author":1,"featured_media":0,"parent":0,"menu_order":0,"comment_status":"closed","ping_status":"closed","template":"","meta":{"footnotes":""},"_links":{"self":[{"href":"https:\/\/baglasitesi.com\/index.php\/wp-json\/wp\/v2\/pages\/88"}],"collection":[{"href":"https:\/\/baglasitesi.com\/index.php\/wp-json\/wp\/v2\/pages"}],"about":[{"href":"https:\/\/baglasitesi.com\/index.php\/wp-json\/wp\/v2\/types\/page"}],"author":[{"embeddable":true,"href":"https:\/\/baglasitesi.com\/index.php\/wp-json\/wp\/v2\/users\/1"}],"replies":[{"embeddable":true,"href":"https:\/\/baglasitesi.com\/index.php\/wp-json\/wp\/v2\/comments?post=88"}],"version-history":[{"count":2,"href":"https:\/\/baglasitesi.com\/index.php\/wp-json\/wp\/v2\/pages\/88\/revisions"}],"predecessor-version":[{"id":345,"href":"https:\/\/baglasitesi.com\/index.php\/wp-json\/wp\/v2\/pages\/88\/revisions\/345"}],"wp:attachment":[{"href":"https:\/\/baglasitesi.com\/index.php\/wp-json\/wp\/v2\/media?parent=88"}],"curies":[{"name":"wp","href":"https:\/\/api.w.org\/{rel}","templated":true}]}}