{"id":85,"date":"2020-09-27T12:14:50","date_gmt":"2020-09-27T12:14:50","guid":{"rendered":"http:\/\/baglasitesi.com\/?page_id=85"},"modified":"2020-10-04T19:27:27","modified_gmt":"2020-10-04T19:27:27","slug":"hakkimizda","status":"publish","type":"page","link":"https:\/\/baglasitesi.com\/index.php\/hakkimizda\/","title":{"rendered":"Hakk\u0131m\u0131zda"},"content":{"rendered":"\n<p>De\u011ferli \u00dcyelerimiz,<\/p>\n\n\n\n<p>\u00d6ncelikle sizlerin onaylar\u0131yla g\u00f6rev ba\u015f\u0131na gelen yeni y\u00f6netim olarak, sizleri i\u00e7ten duygular\u0131m\u0131zla selaml\u0131yor, te\u015fekk\u00fcrlerimizi sunuyoruz.<\/p>\n\n\n\n<p>Sizlerin de destekleri, \u00f6nerileri, yarat\u0131c\u0131 fikirlerinin yer alaca\u011f\u0131 bu Web sitesi ile yeni ba\u015flang\u0131\u00e7lara, yepyeni anlay\u0131\u015flara yelken a\u00e7\u0131yoruz. Her \u015fey sitemizin, g\u00fczelli\u011fi, bizlerin ve gelecek ku\u015faklar\u0131m\u0131z\u0131n ,huzuru, mutlulu\u011fu i\u00e7in.<\/p>\n\n\n\n<p>Bodrum gibi, muhte\u015fem k\u0131y\u0131lara sahip, iklimiyle, manzaralar\u0131yla d\u00fcnyaca tan\u0131nan, harika tatil y\u00f6resinin ne yaz\u0131k ki, k\u0131y\u0131lar\u0131 i\u015fgal eden yap\u0131la\u015fma ve betonla\u015fmalarla adeta b\u00fcy\u00fck bir kente d\u00f6n\u00fc\u015fmesini \u00fcz\u00fcnt\u00fcyle izliyoruz.<\/p>\n\n\n\n<p>Ancak bu yap\u0131la\u015fmalar aras\u0131nda, en b\u00fcy\u00fck \u015fans\u0131m\u0131z, do\u011fas\u0131 ve deniziyle korunmu\u015f bir b\u00f6lge olan Ba\u011fla koyunda, en bakir ve ye\u015fili korunan bir b\u00f6lgede ya\u015f\u0131yor olmak.<\/p>\n\n\n\n<p>Amac\u0131m\u0131z ve sizlerden beklentimiz sitemizde daha da mutlu ve sorunsuz ya\u015famak i\u00e7in do\u011fam\u0131z\u0131, ya\u015fam alanlar\u0131m\u0131z\u0131, kom\u015fuluk ili\u015fkilerimizi, uyulmas\u0131 gerekli kurallar\u0131 belirlemek, sizlerin g\u00f6r\u00fc\u015f, \u00f6neri ,yap\u0131c\u0131 ele\u015ftirilerini almak ve yap\u0131lan t\u00fcm \u00e7al\u0131\u015fma ve yenilikleri \u015feffaf bir y\u00f6netim anlay\u0131\u015f\u0131yla sizlere ula\u015ft\u0131rmakt\u0131r.<\/p>\n\n\n\n<p>Her\u015feyin \u00e7ok g\u00fczel olaca\u011f\u0131 dilek ve temennilerimizle sevgi ve sayg\u0131lar\u0131m\u0131z\u0131 sunuyoruz.<\/p>\n","protected":false},"excerpt":{"rendered":"<p>De\u011ferli \u00dcyelerimiz, \u00d6ncelikle sizlerin onaylar\u0131yla g\u00f6rev ba\u015f\u0131na gelen yeni y\u00f6netim olarak, sizleri i\u00e7ten duygular\u0131m\u0131zla selaml\u0131yor, te\u015fekk\u00fcrlerimizi sunuyoruz. Sizlerin de destekleri, \u00f6nerileri, yarat\u0131c\u0131 fikirlerinin yer alaca\u011f\u0131 bu Web sitesi ile yeni ba\u015flang\u0131\u00e7lara, yepyeni anlay\u0131\u015flara yelken a\u00e7\u0131yoruz. Her \u015fey sitemizin, g\u00fczelli\u011fi, bizlerin ve gelecek ku\u015faklar\u0131m\u0131z\u0131n ,huzuru, mutlulu\u011fu i\u00e7in. Bodrum gibi, muhte\u015fem k\u0131y\u0131lara sahip, iklimiyle, manzaralar\u0131yla d\u00fcnyaca tan\u0131nan, [&hellip;]<\/p>\n","protected":false},"author":1,"featured_media":0,"parent":0,"menu_order":0,"comment_status":"closed","ping_status":"closed","template":"","meta":{"footnotes":""},"_links":{"self":[{"href":"https:\/\/baglasitesi.com\/index.php\/wp-json\/wp\/v2\/pages\/85"}],"collection":[{"href":"https:\/\/baglasitesi.com\/index.php\/wp-json\/wp\/v2\/pages"}],"about":[{"href":"https:\/\/baglasitesi.com\/index.php\/wp-json\/wp\/v2\/types\/page"}],"author":[{"embeddable":true,"href":"https:\/\/baglasitesi.com\/index.php\/wp-json\/wp\/v2\/users\/1"}],"replies":[{"embeddable":true,"href":"https:\/\/baglasitesi.com\/index.php\/wp-json\/wp\/v2\/comments?post=85"}],"version-history":[{"count":4,"href":"https:\/\/baglasitesi.com\/index.php\/wp-json\/wp\/v2\/pages\/85\/revisions"}],"predecessor-version":[{"id":473,"href":"https:\/\/baglasitesi.com\/index.php\/wp-json\/wp\/v2\/pages\/85\/revisions\/473"}],"wp:attachment":[{"href":"https:\/\/baglasitesi.com\/index.php\/wp-json\/wp\/v2\/media?parent=85"}],"curies":[{"name":"wp","href":"https:\/\/api.w.org\/{rel}","templated":true}]}}