{"id":409,"date":"2020-09-29T11:03:10","date_gmt":"2020-09-29T11:03:10","guid":{"rendered":"http:\/\/baglasitesi.com\/?page_id=409"},"modified":"2024-05-09T19:31:09","modified_gmt":"2024-05-09T19:31:09","slug":"genel-kurulu-kararlari","status":"publish","type":"page","link":"https:\/\/baglasitesi.com\/index.php\/genel-kurulu-kararlari\/","title":{"rendered":"Genel Kurul Kararlar\u0131"},"content":{"rendered":"\t\t<div data-elementor-type=\"wp-page\" data-elementor-id=\"409\" class=\"elementor elementor-409\">\n\t\t\t\t\t\t<section class=\"elementor-section elementor-top-section elementor-element elementor-element-24d32fb elementor-section-boxed elementor-section-height-default elementor-section-height-default wpr-particle-no wpr-jarallax-no wpr-parallax-no wpr-sticky-section-no\" data-id=\"24d32fb\" data-element_type=\"section\">\n\t\t\t\t\t\t<div class=\"elementor-container elementor-column-gap-default\">\n\t\t\t\t\t<div class=\"elementor-column elementor-col-100 elementor-top-column elementor-element elementor-element-e457b7e\" data-id=\"e457b7e\" data-element_type=\"column\">\n\t\t\t<div class=\"elementor-widget-wrap elementor-element-populated\">\n\t\t\t\t\t\t<div class=\"elementor-element elementor-element-37d1838 elementor-widget elementor-widget-heading\" data-id=\"37d1838\" data-element_type=\"widget\" data-widget_type=\"heading.default\">\n\t\t\t\t<div class=\"elementor-widget-container\">\n\t\t\t<h2 class=\"elementor-heading-title elementor-size-default\">Genel Kurul Kararlar\u0131<\/h2>\t\t<\/div>\n\t\t\t\t<\/div>\n\t\t\t\t\t<\/div>\n\t\t<\/div>\n\t\t\t\t\t<\/div>\n\t\t<\/section>\n\t\t\t\t<section class=\"elementor-section elementor-top-section elementor-element elementor-element-aa6b6c2 elementor-section-boxed elementor-section-height-default elementor-section-height-default wpr-particle-no wpr-jarallax-no wpr-parallax-no wpr-sticky-section-no\" data-id=\"aa6b6c2\" data-element_type=\"section\">\n\t\t\t\t\t\t<div class=\"elementor-container elementor-column-gap-default\">\n\t\t\t\t\t<div class=\"elementor-column elementor-col-100 elementor-top-column elementor-element elementor-element-345f598\" data-id=\"345f598\" data-element_type=\"column\">\n\t\t\t<div class=\"elementor-widget-wrap elementor-element-populated\">\n\t\t\t\t\t\t<div class=\"elementor-element elementor-element-3ec0302 wpr-grid-columns-3 wpr-grid-columns--tablet2 wpr-grid-columns--mobile1 wpr-grid-pagination-center wpr-item-styles-inner elementor-widget elementor-widget-wpr-grid\" data-id=\"3ec0302\" data-element_type=\"widget\" data-widget_type=\"wpr-grid.default\">\n\t\t\t\t<div class=\"elementor-widget-container\">\n\t\t\t<ul class=\"wpr-grid-filters elementor-clearfix wpr-grid-filters-sep-right\"><li class=\" wpr-pointer-none wpr-pointer-line-fx wpr-pointer-fx-none\"><span  data-filter=\".category-genel-kurul-kararlari\">Genel Kurul Kararlar\u0131<\/span><em class=\"wpr-grid-filters-sep\"><\/em><\/li><\/ul><section class=\"wpr-grid elementor-clearfix\" data-settings=\"{&quot;layout&quot;:&quot;fitRows&quot;,&quot;stick_last_element_to_bottom&quot;:&quot;&quot;,&quot;columns_desktop&quot;:3,&quot;gutter_hr&quot;:15,&quot;gutter_hr_mobile&quot;:15,&quot;gutter_hr_mobile_extra&quot;:15,&quot;gutter_hr_tablet&quot;:15,&quot;gutter_hr_tablet_extra&quot;:15,&quot;gutter_hr_laptop&quot;:15,&quot;gutter_hr_widescreen&quot;:15,&quot;gutter_vr&quot;:15,&quot;gutter_vr_mobile&quot;:15,&quot;gutter_vr_mobile_extra&quot;:15,&quot;gutter_vr_tablet&quot;:15,&quot;gutter_vr_tablet_extra&quot;:15,&quot;gutter_vr_laptop&quot;:15,&quot;gutter_vr_widescreen&quot;:15,&quot;animation&quot;:&quot;default&quot;,&quot;animation_duration&quot;:0.3,&quot;animation_delay&quot;:0.1,&quot;deeplinking&quot;:&quot;&quot;,&quot;filters_linkable&quot;:&quot;no&quot;,&quot;filters_default_filter&quot;:&quot;&quot;,&quot;filters_count&quot;:&quot;&quot;,&quot;filters_hide_empty&quot;:&quot;&quot;,&quot;filters_animation&quot;:&quot;default&quot;,&quot;filters_animation_duration&quot;:0.3,&quot;filters_animation_delay&quot;:0.1,&quot;pagination_type&quot;:&quot;load-more&quot;,&quot;pagination_max_pages&quot;:1,&quot;lightbox&quot;:{&quot;selector&quot;:&quot;.wpr-grid-image-wrap&quot;,&quot;iframeMaxWidth&quot;:&quot;60%&quot;,&quot;hash&quot;:false,&quot;autoplay&quot;:&quot;true&quot;,&quot;pause&quot;:5000,&quot;progressBar&quot;:&quot;true&quot;,&quot;counter&quot;:&quot;true&quot;,&quot;controls&quot;:&quot;true&quot;,&quot;getCaptionFromTitleOrAlt&quot;:&quot;true&quot;,&quot;thumbnail&quot;:&quot;&quot;,&quot;showThumbByDefault&quot;:&quot;&quot;,&quot;share&quot;:&quot;&quot;,&quot;zoom&quot;:&quot;true&quot;,&quot;fullScreen&quot;:&quot;true&quot;,&quot;download&quot;:&quot;true&quot;}}\"><article class=\"wpr-grid-item elementor-clearfix post-1204 post type-post status-publish format-standard hentry category-genel-kurul-kararlari\"><div class=\"wpr-grid-item-inner\"><div class=\"wpr-grid-item-below-content elementor-clearfix\"><h2 class=\"wpr-grid-item-title elementor-repeater-item-3671501 wpr-grid-item-display-block wpr-grid-item-align-center wpr-pointer-none wpr-pointer-line-fx wpr-pointer-fx-fade\"><div class=\"inner-block\"><a target=\"_self\"  href=\"https:\/\/baglasitesi.com\/index.php\/2024\/06\/21\/18-06-2024-genel-kurul-toplanti-tutanagi\/\">18.06.2024 Genel Kurul Toplant\u0131 Tutana\u011f\u0131<\/a><\/div><\/h2><div class=\"wpr-grid-item-date elementor-repeater-item-822e3d1 wpr-grid-item-display-inline wpr-grid-item-align-center\"><div class=\"inner-block\"><span>Haziran 21, 2024<span class=\"wpr-grid-extra-text-right\">\/<\/span><\/span><\/div><\/div><div class=\"wpr-grid-item-read-more elementor-repeater-item-9281231 wpr-grid-item-display-block wpr-grid-item-align-center\"><div class=\"inner-block\"><a target=\"_self\" href=\"https:\/\/baglasitesi.com\/index.php\/2024\/06\/21\/18-06-2024-genel-kurul-toplanti-tutanagi\/\" class=\"wpr-button-effect wpr-button-none\"><span>Devam\u0131..<\/span><\/a><\/div><\/div><\/div><\/div><\/article><article class=\"wpr-grid-item elementor-clearfix post-1192 post type-post status-publish format-standard hentry category-genel-kurul-kararlari category-duyurular\"><div class=\"wpr-grid-item-inner\"><div class=\"wpr-grid-item-below-content elementor-clearfix\"><h2 class=\"wpr-grid-item-title elementor-repeater-item-3671501 wpr-grid-item-display-block wpr-grid-item-align-center wpr-pointer-none wpr-pointer-line-fx wpr-pointer-fx-fade\"><div class=\"inner-block\"><a target=\"_self\"  href=\"https:\/\/baglasitesi.com\/index.php\/2024\/05\/15\/olagan-genel-kurul-cagrisi-18-06-2024\/\">Ola\u011fan Genel Kurul \u00c7a\u011fr\u0131s\u0131 (18.06.2024)<\/a><\/div><\/h2><div class=\"wpr-grid-item-date elementor-repeater-item-822e3d1 wpr-grid-item-display-inline wpr-grid-item-align-center\"><div class=\"inner-block\"><span>May\u0131s 15, 2024<span class=\"wpr-grid-extra-text-right\">\/<\/span><\/span><\/div><\/div><div class=\"wpr-grid-item-read-more elementor-repeater-item-9281231 wpr-grid-item-display-block wpr-grid-item-align-center\"><div class=\"inner-block\"><a target=\"_self\" href=\"https:\/\/baglasitesi.com\/index.php\/2024\/05\/15\/olagan-genel-kurul-cagrisi-18-06-2024\/\" class=\"wpr-button-effect wpr-button-none\"><span>Devam\u0131..<\/span><\/a><\/div><\/div><\/div><\/div><\/article><article class=\"wpr-grid-item elementor-clearfix post-1003 post type-post status-publish format-standard hentry category-genel-kurul-kararlari\"><div class=\"wpr-grid-item-inner\"><div class=\"wpr-grid-item-below-content elementor-clearfix\"><h2 class=\"wpr-grid-item-title elementor-repeater-item-3671501 wpr-grid-item-display-block wpr-grid-item-align-center wpr-pointer-none wpr-pointer-line-fx wpr-pointer-fx-fade\"><div class=\"inner-block\"><a target=\"_self\"  href=\"https:\/\/baglasitesi.com\/index.php\/2023\/07\/03\/30-06-2023-genel-kurul-toplanti-tutanagi\/\">30.06.2023 Genel Kurul Toplant\u0131 Tutana\u011f\u0131<\/a><\/div><\/h2><div class=\"wpr-grid-item-date elementor-repeater-item-822e3d1 wpr-grid-item-display-inline wpr-grid-item-align-center\"><div class=\"inner-block\"><span>Temmuz 3, 2023<span class=\"wpr-grid-extra-text-right\">\/<\/span><\/span><\/div><\/div><div class=\"wpr-grid-item-read-more elementor-repeater-item-9281231 wpr-grid-item-display-block wpr-grid-item-align-center\"><div class=\"inner-block\"><a target=\"_self\" href=\"https:\/\/baglasitesi.com\/index.php\/2023\/07\/03\/30-06-2023-genel-kurul-toplanti-tutanagi\/\" class=\"wpr-button-effect wpr-button-none\"><span>Devam\u0131..<\/span><\/a><\/div><\/div><\/div><\/div><\/article><article class=\"wpr-grid-item elementor-clearfix post-858 post type-post status-publish format-standard hentry category-genel-kurul-kararlari\"><div class=\"wpr-grid-item-inner\"><div class=\"wpr-grid-item-below-content elementor-clearfix\"><h2 class=\"wpr-grid-item-title elementor-repeater-item-3671501 wpr-grid-item-display-block wpr-grid-item-align-center wpr-pointer-none wpr-pointer-line-fx wpr-pointer-fx-fade\"><div class=\"inner-block\"><a target=\"_self\"  href=\"https:\/\/baglasitesi.com\/index.php\/2022\/07\/07\/30-06-2022-genel-kurul-toplanti-tutanagi\/\">30.06.2022 Genel Kurul Toplant\u0131 Tutana\u011f\u0131<\/a><\/div><\/h2><div class=\"wpr-grid-item-date elementor-repeater-item-822e3d1 wpr-grid-item-display-inline wpr-grid-item-align-center\"><div class=\"inner-block\"><span>Temmuz 7, 2022<span class=\"wpr-grid-extra-text-right\">\/<\/span><\/span><\/div><\/div><div class=\"wpr-grid-item-read-more elementor-repeater-item-9281231 wpr-grid-item-display-block wpr-grid-item-align-center\"><div class=\"inner-block\"><a target=\"_self\" href=\"https:\/\/baglasitesi.com\/index.php\/2022\/07\/07\/30-06-2022-genel-kurul-toplanti-tutanagi\/\" class=\"wpr-button-effect wpr-button-none\"><span>Devam\u0131..<\/span><\/a><\/div><\/div><\/div><\/div><\/article><article class=\"wpr-grid-item elementor-clearfix post-754 post type-post status-publish format-standard hentry category-genel-kurul-kararlari\"><div class=\"wpr-grid-item-inner\"><div class=\"wpr-grid-item-below-content elementor-clearfix\"><h2 class=\"wpr-grid-item-title elementor-repeater-item-3671501 wpr-grid-item-display-block wpr-grid-item-align-center wpr-pointer-none wpr-pointer-line-fx wpr-pointer-fx-fade\"><div class=\"inner-block\"><a target=\"_self\"  href=\"https:\/\/baglasitesi.com\/index.php\/2021\/09\/16\/2021-olaganustu-genel-kurul-toplanti-tutanagi-11-09-2021\/\">2021 Ola\u011fan\u00fcst\u00fc Genel Kurul Toplant\u0131 Tutana\u011f\u0131 (11.09.2021)<\/a><\/div><\/h2><div class=\"wpr-grid-item-date elementor-repeater-item-822e3d1 wpr-grid-item-display-inline wpr-grid-item-align-center\"><div class=\"inner-block\"><span>Eyl\u00fcl 16, 2021<span class=\"wpr-grid-extra-text-right\">\/<\/span><\/span><\/div><\/div><div class=\"wpr-grid-item-read-more elementor-repeater-item-9281231 wpr-grid-item-display-block wpr-grid-item-align-center\"><div class=\"inner-block\"><a target=\"_self\" href=\"https:\/\/baglasitesi.com\/index.php\/2021\/09\/16\/2021-olaganustu-genel-kurul-toplanti-tutanagi-11-09-2021\/\" class=\"wpr-button-effect wpr-button-none\"><span>Devam\u0131..<\/span><\/a><\/div><\/div><\/div><\/div><\/article><article class=\"wpr-grid-item elementor-clearfix post-746 post type-post status-publish format-standard hentry category-genel-kurul-kararlari\"><div class=\"wpr-grid-item-inner\"><div class=\"wpr-grid-item-below-content elementor-clearfix\"><h2 class=\"wpr-grid-item-title elementor-repeater-item-3671501 wpr-grid-item-display-block wpr-grid-item-align-center wpr-pointer-none wpr-pointer-line-fx wpr-pointer-fx-fade\"><div class=\"inner-block\"><a target=\"_self\"  href=\"https:\/\/baglasitesi.com\/index.php\/2021\/07\/01\/olagan-genel-kurul-tutanagi\/\">2021 Genel Kurul Toplant\u0131 Tutana\u011f\u0131 (30.06.2021)<\/a><\/div><\/h2><div class=\"wpr-grid-item-date elementor-repeater-item-822e3d1 wpr-grid-item-display-inline wpr-grid-item-align-center\"><div class=\"inner-block\"><span>Temmuz 1, 2021<span class=\"wpr-grid-extra-text-right\">\/<\/span><\/span><\/div><\/div><div class=\"wpr-grid-item-read-more elementor-repeater-item-9281231 wpr-grid-item-display-block wpr-grid-item-align-center\"><div class=\"inner-block\"><a target=\"_self\" href=\"https:\/\/baglasitesi.com\/index.php\/2021\/07\/01\/olagan-genel-kurul-tutanagi\/\" class=\"wpr-button-effect wpr-button-none\"><span>Devam\u0131..<\/span><\/a><\/div><\/div><\/div><\/div><\/article><article class=\"wpr-grid-item elementor-clearfix post-281 post type-post status-publish format-standard hentry category-genel-kurul-kararlari category-yonetim-kurulu-toplantisi\"><div class=\"wpr-grid-item-inner\"><div class=\"wpr-grid-item-below-content elementor-clearfix\"><h2 class=\"wpr-grid-item-title elementor-repeater-item-3671501 wpr-grid-item-display-block wpr-grid-item-align-center wpr-pointer-none wpr-pointer-line-fx wpr-pointer-fx-fade\"><div class=\"inner-block\"><a target=\"_self\"  href=\"https:\/\/baglasitesi.com\/index.php\/2020\/09\/27\/genel-kurul-toplanti-tutanagi-30-06-2019-2\/\">2019 Genel Kurul Toplant\u0131 Tutana\u011f\u0131 (30\/06\/2019)<\/a><\/div><\/h2><div class=\"wpr-grid-item-date elementor-repeater-item-822e3d1 wpr-grid-item-display-inline wpr-grid-item-align-center\"><div class=\"inner-block\"><span>Eyl\u00fcl 27, 2020<span class=\"wpr-grid-extra-text-right\">\/<\/span><\/span><\/div><\/div><div class=\"wpr-grid-item-excerpt elementor-repeater-item-f72a593 wpr-grid-item-display-block wpr-grid-item-align-center\"><div class=\"inner-block\"><p>S.S. Bodrum Ba\u011fla \u0130\u015fletme Kooperatifi\u2019nin 2018 hesap y\u0131l\u0131 ola\u011fan genel kurul toplant\u0131s\u0131 yap\u0131lmak \u00fczere 30\/06\/2019 tarihinde saat: 10:00\u2019da S.S. Bodrum&hellip;<\/p><\/div><\/div><div class=\"wpr-grid-item-read-more elementor-repeater-item-9281231 wpr-grid-item-display-block wpr-grid-item-align-center\"><div class=\"inner-block\"><a target=\"_self\" href=\"https:\/\/baglasitesi.com\/index.php\/2020\/09\/27\/genel-kurul-toplanti-tutanagi-30-06-2019-2\/\" class=\"wpr-button-effect wpr-button-none\"><span>Devam\u0131..<\/span><\/a><\/div><\/div><\/div><\/div><\/article><\/section>\t\t<\/div>\n\t\t\t\t<\/div>\n\t\t\t\t\t<\/div>\n\t\t<\/div>\n\t\t\t\t\t<\/div>\n\t\t<\/section>\n\t\t\t\t<\/div>\n\t\t","protected":false},"excerpt":{"rendered":"<p>Genel Kurul Kararlar\u0131 Genel Kurul Kararlar\u0131 30.06.2023 Genel Kurul Toplant\u0131 Tutana\u011f\u0131 Temmuz 3, 2023\/Devam\u0131.. 30.06.2023 Genel Kurul \u00c7a\u011fr\u0131s\u0131 May\u0131s 26, 2023\/Devam\u0131.. 30.06.2022 Genel Kurul Toplant\u0131 Tutana\u011f\u0131 Temmuz 7, 2022\/Devam\u0131.. 2021 Ola\u011fan\u00fcst\u00fc Genel Kurul Toplant\u0131 Tutana\u011f\u0131 (11.09.2021) Eyl\u00fcl 16, 2021\/Devam\u0131.. 2021 Genel Kurul Toplant\u0131 Tutana\u011f\u0131 (30.06.2021) Temmuz 1, 2021\/Devam\u0131.. 2020 Genel Kurul Toplant\u0131 Tutana\u011f\u0131 (13\/09\/2020) Eyl\u00fcl [&hellip;]<\/p>\n","protected":false},"author":1,"featured_media":0,"parent":0,"menu_order":0,"comment_status":"closed","ping_status":"closed","template":"elementor_header_footer","meta":{"footnotes":""},"_links":{"self":[{"href":"https:\/\/baglasitesi.com\/index.php\/wp-json\/wp\/v2\/pages\/409"}],"collection":[{"href":"https:\/\/baglasitesi.com\/index.php\/wp-json\/wp\/v2\/pages"}],"about":[{"href":"https:\/\/baglasitesi.com\/index.php\/wp-json\/wp\/v2\/types\/page"}],"author":[{"embeddable":true,"href":"https:\/\/baglasitesi.com\/index.php\/wp-json\/wp\/v2\/users\/1"}],"replies":[{"embeddable":true,"href":"https:\/\/baglasitesi.com\/index.php\/wp-json\/wp\/v2\/comments?post=409"}],"version-history":[{"count":12,"href":"https:\/\/baglasitesi.com\/index.php\/wp-json\/wp\/v2\/pages\/409\/revisions"}],"predecessor-version":[{"id":1129,"href":"https:\/\/baglasitesi.com\/index.php\/wp-json\/wp\/v2\/pages\/409\/revisions\/1129"}],"wp:attachment":[{"href":"https:\/\/baglasitesi.com\/index.php\/wp-json\/wp\/v2\/media?parent=409"}],"curies":[{"name":"wp","href":"https:\/\/api.w.org\/{rel}","templated":true}]}}