{"id":398,"date":"2020-09-29T10:57:21","date_gmt":"2020-09-29T10:57:21","guid":{"rendered":"http:\/\/baglasitesi.com\/?page_id=398"},"modified":"2024-04-23T07:23:40","modified_gmt":"2024-04-23T07:23:40","slug":"calisanlar","status":"publish","type":"page","link":"https:\/\/baglasitesi.com\/index.php\/calisanlar\/","title":{"rendered":"Personel Listesi"},"content":{"rendered":"\n<figure class=\"wp-block-table is-style-regular\"><table class=\"has-background has-fixed-layout\" style=\"background-color:#f3f4f5\"><thead><tr><th><strong>ADI<\/strong><\/th><th><strong>SOYADI<\/strong><\/th><th><strong>G\u00d6REV\u0130<\/strong><\/th><\/tr><\/thead><tbody><tr><td>\u0130SA<\/td><td>ERC\u0130N<\/td><td>\u0130\u015eLETME M\u00dcD\u00dcR\u00dc<\/td><\/tr><tr><td>EKREM<\/td><td>VARDAR<\/td><td>GENEL H\u0130ZMET \/BAH\u00c7IVAN<\/td><\/tr><tr><td>\u0130SMA\u0130L<\/td><td>BAYRAK<\/td><td>GENEL H\u0130ZMET \/BAH\u00c7IVAN<\/td><\/tr><tr><td>MUHAMMER<\/td><td>\u00c7EL\u0130K<\/td><td>GENEL H\u0130ZMET \/BAH\u00c7IVAN<\/td><\/tr><tr><td>TURHAN<\/td><td>ALKAN<\/td><td>DANI\u015eMA-G\u00dcVENL\u0130K<\/td><\/tr><\/tbody><\/table><\/figure>\n","protected":false},"excerpt":{"rendered":"<p>ADI SOYADI G\u00d6REV\u0130 \u0130SA ERC\u0130N \u0130\u015eLETME M\u00dcD\u00dcR\u00dc EKREM VARDAR GENEL H\u0130ZMET \/BAH\u00c7IVAN \u0130SMA\u0130L BAYRAK GENEL H\u0130ZMET \/BAH\u00c7IVAN MUHAMMER \u00c7EL\u0130K GENEL H\u0130ZMET \/BAH\u00c7IVAN TURHAN ALKAN DANI\u015eMA-G\u00dcVENL\u0130K<\/p>\n","protected":false},"author":1,"featured_media":0,"parent":0,"menu_order":0,"comment_status":"closed","ping_status":"closed","template":"","meta":{"footnotes":""},"_links":{"self":[{"href":"https:\/\/baglasitesi.com\/index.php\/wp-json\/wp\/v2\/pages\/398"}],"collection":[{"href":"https:\/\/baglasitesi.com\/index.php\/wp-json\/wp\/v2\/pages"}],"about":[{"href":"https:\/\/baglasitesi.com\/index.php\/wp-json\/wp\/v2\/types\/page"}],"author":[{"embeddable":true,"href":"https:\/\/baglasitesi.com\/index.php\/wp-json\/wp\/v2\/users\/1"}],"replies":[{"embeddable":true,"href":"https:\/\/baglasitesi.com\/index.php\/wp-json\/wp\/v2\/comments?post=398"}],"version-history":[{"count":12,"href":"https:\/\/baglasitesi.com\/index.php\/wp-json\/wp\/v2\/pages\/398\/revisions"}],"predecessor-version":[{"id":1100,"href":"https:\/\/baglasitesi.com\/index.php\/wp-json\/wp\/v2\/pages\/398\/revisions\/1100"}],"wp:attachment":[{"href":"https:\/\/baglasitesi.com\/index.php\/wp-json\/wp\/v2\/media?parent=398"}],"curies":[{"name":"wp","href":"https:\/\/api.w.org\/{rel}","templated":true}]}}