{"id":387,"date":"2020-09-29T10:22:50","date_gmt":"2020-09-29T10:22:50","guid":{"rendered":"http:\/\/baglasitesi.com\/?page_id=387"},"modified":"2020-09-29T10:22:51","modified_gmt":"2020-09-29T10:22:51","slug":"onemli-telefonlar","status":"publish","type":"page","link":"https:\/\/baglasitesi.com\/index.php\/onemli-telefonlar\/","title":{"rendered":"\u00d6nemli Telefonlar"},"content":{"rendered":"\n<figure id=\"myTable\" class=\"wp-block-table\"><table><tbody><tr><td>H\u0131z\u0131r Acil Servis<\/td><td>112<\/td><\/tr><tr><td>\u0130tfaiye<\/td><td>112<\/td><\/tr><tr><td>Polis \u0130mdat<\/td><td>112<\/td><\/tr><tr><td>Trafik<\/td><td>155<\/td><\/tr><tr><td>Jandarma<\/td><td>156<\/td><\/tr><tr><td>Zab\u0131ta<\/td><td>153<\/td><\/tr><tr><td>Orman Yang\u0131n\u0131<\/td><td>177<\/td><\/tr><tr><td>Elektrik Ar\u0131za<\/td><td>186<\/td><\/tr><tr><td>Sahil G\u00fcvenlik<\/td><td>158<\/td><\/tr><tr><td>Telefon Ar\u0131za<\/td><td>121<\/td><\/tr><tr><td>Kaymakaml\u0131k<\/td><td>(0252) 316 10 01<\/td><\/tr><tr><td>Bodrum Adalet Saray\u0131<\/td><td>(0252) 363 99 14<\/td><\/tr><tr><td>Emniyet M\u00fcd\u00fcrl\u00fc\u011f\u00fc<\/td><td>(0252) 316 80 80<\/td><\/tr><tr><td>Turizm Dan\u0131\u015fma<\/td><td>(0252) 316 10 91<\/td><\/tr><tr><td>Halk E\u011fitim Merkezi<\/td><td>(0252) 316 10 85<\/td><\/tr><tr><td>Liman Ba\u015fkanl\u0131\u011f\u0131<\/td><td>(0252) 316 25 31<\/td><\/tr><tr><td>G\u00fcmr\u00fck<\/td><td>(0252) 316 11 12<\/td><\/tr><tr><td>AYDEM<\/td><td>(0252) 316 01 81<\/td><\/tr><tr><td>MUSK\u0130<\/td><td>(0252) 316 79 00<\/td><\/tr><tr><td>T\u00fcrk Telekom<\/td><td>444 1 444<\/td><\/tr><\/tbody><\/table><\/figure>\n","protected":false},"excerpt":{"rendered":"<p>H\u0131z\u0131r Acil Servis 112 \u0130tfaiye 112 Polis \u0130mdat 112 Trafik 155 Jandarma 156 Zab\u0131ta 153 Orman Yang\u0131n\u0131 177 Elektrik Ar\u0131za 186 Sahil G\u00fcvenlik 158 Telefon Ar\u0131za 121 Kaymakaml\u0131k (0252) 316 10 01 Bodrum Adalet Saray\u0131 (0252) 363 99 14 Emniyet M\u00fcd\u00fcrl\u00fc\u011f\u00fc (0252) 316 80 80 Turizm Dan\u0131\u015fma (0252) 316 10 91 Halk E\u011fitim Merkezi (0252) [&hellip;]<\/p>\n","protected":false},"author":1,"featured_media":0,"parent":0,"menu_order":0,"comment_status":"closed","ping_status":"closed","template":"","meta":{"footnotes":""},"_links":{"self":[{"href":"https:\/\/baglasitesi.com\/index.php\/wp-json\/wp\/v2\/pages\/387"}],"collection":[{"href":"https:\/\/baglasitesi.com\/index.php\/wp-json\/wp\/v2\/pages"}],"about":[{"href":"https:\/\/baglasitesi.com\/index.php\/wp-json\/wp\/v2\/types\/page"}],"author":[{"embeddable":true,"href":"https:\/\/baglasitesi.com\/index.php\/wp-json\/wp\/v2\/users\/1"}],"replies":[{"embeddable":true,"href":"https:\/\/baglasitesi.com\/index.php\/wp-json\/wp\/v2\/comments?post=387"}],"version-history":[{"count":1,"href":"https:\/\/baglasitesi.com\/index.php\/wp-json\/wp\/v2\/pages\/387\/revisions"}],"predecessor-version":[{"id":388,"href":"https:\/\/baglasitesi.com\/index.php\/wp-json\/wp\/v2\/pages\/387\/revisions\/388"}],"wp:attachment":[{"href":"https:\/\/baglasitesi.com\/index.php\/wp-json\/wp\/v2\/media?parent=387"}],"curies":[{"name":"wp","href":"https:\/\/api.w.org\/{rel}","templated":true}]}}