{"id":386,"date":"2020-09-29T10:56:19","date_gmt":"2020-09-29T10:56:19","guid":{"rendered":"http:\/\/baglasitesi.com\/?page_id=386"},"modified":"2024-05-10T07:48:19","modified_gmt":"2024-05-10T07:48:19","slug":"banka-hesaplari","status":"publish","type":"page","link":"https:\/\/baglasitesi.com\/index.php\/banka-hesaplari\/","title":{"rendered":"Banka Hesaplar\u0131"},"content":{"rendered":"\n<p class=\"has-text-align-center\">Havale ve EFT Transferlerinizde <strong>\u0130sim, Soyad, \u00dcye Numaras\u0131 ve Adres<\/strong> gibi detaylar\u0131n a\u00e7\u0131klamaya eklemeniz \u00f6nemlidir.<\/p>\n\n\n\n<figure class=\"wp-block-table\"><table><tbody><tr><td class=\"has-text-align-left\" data-align=\"left\"><strong><span style=\"color:#0a3d53\" class=\"has-inline-color\">T\u00dcRK\u0130YE \u0130\u015e BANKASI<\/span><\/strong><br><br><span class=\"has-inline-color has-black-color\"><strong><strong>M\u00dc\u015eTER\u0130 NO :<\/strong>51821088<\/strong><br><strong>HESAP NO :<\/strong> 3615 \/ 1111111 (Turgutreis \u015eubesi)<br><strong>IBAN.          :<\/strong>TR78 0006 4000 0013 61511111 11<\/span><br><\/td><\/tr><tr><td class=\"has-text-align-left\" data-align=\"left\"><strong><span style=\"color:#0a3d53\" class=\"has-inline-color\">YAPI KRED\u0130 BANKASI<\/span><\/strong><br><br><span class=\"has-inline-color has-black-color\"><strong><strong>M\u00dc\u015eTER\u0130 NO :<\/strong>17660456<\/strong><br><strong>HESAP NO     : 7<\/strong>30 \/ 91824150 (Turgutreis \u015eubesi) <br><strong>\u0130BAN               : <\/strong>TR77 0006 7010 0000 0091 8241 50<br><strong>HESAP NO     :<\/strong> 730 \/ 62054390 (Bodrum, \u015eubesi) <br><strong>IBAN               : <\/strong>TR81 0006 7010 0000 0062 0543 90<\/span><\/td><\/tr><tr><td class=\"has-text-align-left\" data-align=\"left\"><\/td><\/tr><tr><td class=\"has-text-align-left\" data-align=\"left\"><span style=\"color:#0a3d53\" class=\"has-inline-color\"><strong>VAKIFLAR BANKASI<\/strong><br><\/span><br><span class=\"has-inline-color has-black-color\"><strong>M\u00dc\u015eTER\u0130 NO :<\/strong> 445005690313<br><strong>HESAP NO.     :<\/strong> 00158007306133551 (Turgutreis \u015eubesi) <br><strong>\u0130BAN                 :<\/strong> TR86 0001 5001 5800 7306 1335 51<\/span><\/td><\/tr><tr><td class=\"has-text-align-left\" data-align=\"left\"><\/td><\/tr><\/tbody><\/table><\/figure>\n","protected":false},"excerpt":{"rendered":"<p>Havale ve EFT Transferlerinizde \u0130sim, Soyad, \u00dcye Numaras\u0131 ve Adres gibi detaylar\u0131n a\u00e7\u0131klamaya eklemeniz \u00f6nemlidir. T\u00dcRK\u0130YE \u0130\u015e BANKASI M\u00dc\u015eTER\u0130 NO :51821088HESAP NO : 3615 \/ 1111111 (Turgutreis \u015eubesi)IBAN. :TR78 0006 4000 0013 61511111 11 YAPI KRED\u0130 BANKASI M\u00dc\u015eTER\u0130 NO :17660456HESAP NO : 730 \/ 91824150 (Turgutreis \u015eubesi) \u0130BAN : TR77 0006 7010 0000 0091 8241 [&hellip;]<\/p>\n","protected":false},"author":1,"featured_media":0,"parent":0,"menu_order":0,"comment_status":"closed","ping_status":"closed","template":"","meta":{"footnotes":""},"_links":{"self":[{"href":"https:\/\/baglasitesi.com\/index.php\/wp-json\/wp\/v2\/pages\/386"}],"collection":[{"href":"https:\/\/baglasitesi.com\/index.php\/wp-json\/wp\/v2\/pages"}],"about":[{"href":"https:\/\/baglasitesi.com\/index.php\/wp-json\/wp\/v2\/types\/page"}],"author":[{"embeddable":true,"href":"https:\/\/baglasitesi.com\/index.php\/wp-json\/wp\/v2\/users\/1"}],"replies":[{"embeddable":true,"href":"https:\/\/baglasitesi.com\/index.php\/wp-json\/wp\/v2\/comments?post=386"}],"version-history":[{"count":10,"href":"https:\/\/baglasitesi.com\/index.php\/wp-json\/wp\/v2\/pages\/386\/revisions"}],"predecessor-version":[{"id":1154,"href":"https:\/\/baglasitesi.com\/index.php\/wp-json\/wp\/v2\/pages\/386\/revisions\/1154"}],"wp:attachment":[{"href":"https:\/\/baglasitesi.com\/index.php\/wp-json\/wp\/v2\/media?parent=386"}],"curies":[{"name":"wp","href":"https:\/\/api.w.org\/{rel}","templated":true}]}}